{"id":3807,"date":"2018-04-19T22:12:40","date_gmt":"2018-04-20T02:12:40","guid":{"rendered":"http:\/\/imagemotion.com\/?page_id=3807"},"modified":"2019-03-10T17:18:08","modified_gmt":"2019-03-10T21:18:08","slug":"programme-de-campagne-dinfluence","status":"publish","type":"page","link":"https:\/\/imagemotion.com\/fr\/programme-de-campagne-dinfluence\/","title":{"rendered":"Programme de campagne d&rsquo;influence"},"content":{"rendered":"<div class=\"spacer spacer-medium\"><\/div><div class=\"wrapper\"><div id=\"\" class=\"column-section clearfix spaced-normal \"><div  class=\"column one-full last-col \" >\n<div>\n<p>Nous sp\u00e9cialisons dans l&rsquo;ex\u00e9cution de campagnes cl\u00e9s en main avec les influenceurs les mieux adapt\u00e9s pour assurer que le message de votre marque atteigne un public mondial.<\/p>\n<p>Avec un acc\u00e8s direct \u00e0 un grand r\u00e9seau d&rsquo;influenceurs, nous donnerons vie \u00e0 l&rsquo;histoire de votre marque! Nous d\u00e9veloppons et ex\u00e9cutons des campagnes d&rsquo;influence et des activations pour permettre \u00e0 des millions de personnes \u00e0 travers le monde de savoir \u00e0 quel point vous \u00eates cool.<\/p>\n<p style=\"text-align: center;\"><img loading=\"lazy\" class=\"alignnone size-full wp-image-3743\" src=\"http:\/\/imagemotion.com\/wp-content\/uploads\/2018\/02\/icons_expertise2.jpg\" alt=\"\" width=\"963\" height=\"180\" srcset=\"https:\/\/imagemotion.com\/wp-content\/uploads\/2018\/02\/icons_expertise2.jpg 963w, https:\/\/imagemotion.com\/wp-content\/uploads\/2018\/02\/icons_expertise2-300x56.jpg 300w, https:\/\/imagemotion.com\/wp-content\/uploads\/2018\/02\/icons_expertise2-768x144.jpg 768w, https:\/\/imagemotion.com\/wp-content\/uploads\/2018\/02\/icons_expertise2-420x79.jpg 420w, https:\/\/imagemotion.com\/wp-content\/uploads\/2018\/02\/icons_expertise2-600x112.jpg 600w, https:\/\/imagemotion.com\/wp-content\/uploads\/2018\/02\/icons_expertise2-900x168.jpg 900w\" sizes=\"(max-width: 963px) 100vw, 963px\" \/><\/p>\n<\/div>\n<h4 style=\"text-align: center;\"><\/h4>\n<h4 style=\"text-align: center;\"><a href=\"mailto:info@imagemotion.com\" class=\"sr-button style-2 button-small\" target=\"_blank\">NOUS JOINDRE<\/a><\/h4>\n<\/div><\/div><\/div><div class=\"spacer spacer-big\"><\/div><div class=\"wrapper\"><div id=\"\" class=\"column-section clearfix spaced-normal \"><div  class=\"column one-half  \" >\n<p>&nbsp;<\/p>\n<h2 class=\"heading heading--l\" style=\"text-align: right;\"><strong>Strat\u00e9gie <\/strong><br \/>\n<strong>de marketing <\/strong><br \/>\n<strong>d&rsquo;influence<\/strong><\/h2>\n<p style=\"text-align: right;\">Nous fournissons des services de strat\u00e9gie marketing de contenu et d&rsquo;influence. Nous combinons un contenu visuel riche, une port\u00e9e mondiale de masse et des mentions d&rsquo;influenceurs. Tous pour un CPM ou CPV tr\u00e8s comp\u00e9titif. Nous ex\u00e9cutons des campagnes sur mesure qui sont construites autour de la port\u00e9e et de l&rsquo;autorit\u00e9 de la nouvelle g\u00e9n\u00e9ration d&rsquo;Influenceurs Num\u00e9riques. &#8211; Les bons partenariats se traduisent par une messagerie de marque d\u00e9livr\u00e9e par une voix de confiance qui ajoute de la valeur \u00e0 leur flux d&rsquo;actualit\u00e9s.<\/p>\n<p style=\"text-align: right;\"><a href=\"http:\/\/imagemotion.com\/fr\/influencer-campaigns\/\" class=\"sr-button style-2 button-small\" target=\"_self\">VOIR LES \u00c9TUDES DE CAS<\/a><\/p>\n<p>&nbsp;<\/p>\n<\/div><div  class=\"column one-half last-col \" ><div id=\"sc-gallery-grid1\" class=\"isotope-grid gallery-container style-column-list isotope-spaced  clearfix\"><div class=\"isotope-item sr-gallery-item do-anim\"><img class=\"lazy\" data-src=\"\" width=\"\" height=\"\" alt=\"\" \/><\/div><\/div><\/div><\/div><\/div><div class=\"spacer spacer-big\"><\/div><div class=\"wrapper\"><div id=\"\" class=\"column-section clearfix spaced-normal \"><div  class=\"column one-half  \" ><div id=\"sc-gallery-grid2\" class=\"isotope-grid gallery-container style-column-2 isotope-spaced  clearfix\"><div class=\"isotope-item sr-gallery-item do-anim\"><img class=\"lazy\" data-src=\"https:\/\/imagemotion.com\/wp-content\/uploads\/2018\/02\/ugc4.jpg\" width=\"400\" height=\"400\" alt=\"ugc4\" \/><\/div><div class=\"isotope-item sr-gallery-item do-anim\"><img class=\"lazy\" data-src=\"https:\/\/imagemotion.com\/wp-content\/uploads\/2018\/02\/ugc2.jpg\" width=\"400\" height=\"400\" alt=\"ugc2\" \/><\/div><div class=\"isotope-item sr-gallery-item do-anim\"><img class=\"lazy\" data-src=\"https:\/\/imagemotion.com\/wp-content\/uploads\/2018\/02\/@marilynetran-900x900.jpg\" width=\"900\" height=\"900\" alt=\"Processed with VSCO with m5 preset\" \/><\/div><div class=\"isotope-item sr-gallery-item do-anim\"><img class=\"lazy\" data-src=\"https:\/\/imagemotion.com\/wp-content\/uploads\/2018\/02\/Mariesbazaar1-900x900.jpg\" width=\"900\" height=\"900\" alt=\"Mariesbazaar1\" \/><\/div><\/div><\/div><div  class=\"column one-half last-col \" >\n<p>&nbsp;<\/p>\n<h2 class=\"heading heading--l\" style=\"text-align: left;\"><strong>Curation <\/strong><\/h2>\n<h2 class=\"heading heading--l\" style=\"text-align: left;\"><strong>d&rsquo;influenceurs<\/strong><\/h2>\n<p>Notre r\u00e9seau diversifi\u00e9 de plus de 4 000 influenceurs nord-am\u00e9ricains est int\u00e9ress\u00e9 \u00e0 collaborer avec des marques de style de vie int\u00e9ressantes, afin que nous puissions nous concentrer sur la meilleure ad\u00e9quation possible entre votre marque et votre influenceur. Cela signifie des ambassadeurs \u00e0 long terme qui ne se contentent pas d&rsquo;atteindre ceux qui parlent et qui accroissent la notori\u00e9t\u00e9 de votre marque dans l&rsquo;espace num\u00e9rique.<\/p>\n<p style=\"text-align: left;\"><a href=\"http:\/\/imagemotion.com\/fr\/campagnes-dinfluenceurs\/\" class=\"sr-button style-2 button-small\" target=\"_self\">VOIR LES \u00c9TUDES DE CAS<\/a><\/p>\n<\/div><\/div><\/div><div class=\"spacer spacer-big\"><\/div><div class=\"wrapper\"><div id=\"\" class=\"column-section clearfix spaced-normal \"><div  class=\"column one-half  \" >\n<p>&nbsp;<\/p>\n<h2 class=\"heading heading--l\" style=\"text-align: right;\">Cr\u00e9ation<br \/>\nde contenu<\/h2>\n<p style=\"text-align: right;\">Nous offrons une ex\u00e9cution et une production compl\u00e8tes de la campagne. Notre \u00e9quipe interne de direction artistique et de contenu aidera les influenceurs \u00e0 cr\u00e9er des actifs visuels coh\u00e9rents avec votre image de marque.<\/p>\n<p style=\"text-align: right;\"><a href=\"http:\/\/imagemotion.com\/fr\/campagnes-dinfluenceurs\/\" class=\"sr-button style-2 button-small\" target=\"_self\">VOIR LES \u00c9TUDES DE CAS<\/a><\/p>\n<\/div><div  class=\"column one-half last-col \" ><div id=\"sc-gallery-grid3\" class=\"isotope-grid gallery-container style-column-2 isotope-spaced  clearfix\"><div class=\"isotope-item sr-gallery-item do-anim\"><img class=\"lazy\" data-src=\"https:\/\/imagemotion.com\/wp-content\/uploads\/2018\/02\/@miss_dianaflowers0-900x900.jpg\" width=\"900\" height=\"900\" alt=\"@miss_dianaflowers0\" \/><\/div><div class=\"isotope-item sr-gallery-item do-anim\"><img class=\"lazy\" data-src=\"https:\/\/imagemotion.com\/wp-content\/uploads\/2018\/02\/ugc5.jpg\" width=\"400\" height=\"400\" alt=\"ugc5\" \/><\/div><div class=\"isotope-item sr-gallery-item do-anim\"><img class=\"lazy\" data-src=\"https:\/\/imagemotion.com\/wp-content\/uploads\/2018\/02\/ugc3.png\" width=\"597\" height=\"596\" alt=\"ugc3\" \/><\/div><div class=\"isotope-item sr-gallery-item do-anim\"><img class=\"lazy\" data-src=\"https:\/\/imagemotion.com\/wp-content\/uploads\/2018\/02\/ugc1.jpg\" width=\"400\" height=\"400\" alt=\"ugc1\" \/><\/div><\/div><\/div><\/div><\/div><div class=\"spacer spacer-big\"><\/div><div class=\"wrapper\"><div id=\"\" class=\"column-section clearfix spaced-normal \"><div  class=\"column one-half  \" ><div id=\"sc-gallery-grid4\" class=\"isotope-grid gallery-container style-column-list isotope-spaced  clearfix\"><div class=\"isotope-item sr-gallery-item do-anim\"><img class=\"lazy\" data-src=\"https:\/\/imagemotion.com\/wp-content\/uploads\/2018\/02\/data.jpg\" width=\"1160\" height=\"773\" alt=\"data\" \/><\/div><\/div><\/div><div  class=\"column one-half last-col \" >\n<h2 class=\"heading heading--l\" style=\"text-align: left;\"><strong>Reportage<\/strong><br \/>\n<strong>et analyse de donn\u00e9es<\/strong><\/h2>\n<section class=\"services__example\">\n<div class=\"services__copy\">\n<p>Nous d\u00e9finissons des KPI et mesurons tout, des impressions de la campagne enti\u00e8re au taux d&rsquo;engagement pour chaque partie influenceurs de la campagne. Cela nous aide \u00e0 fournir d&rsquo;excellents r\u00e9sultats qui vous sont pr\u00e9sent\u00e9s de mani\u00e8re tangible. Nous travaillons avec plusieurs plates-formes pour centraliser toutes ces donn\u00e9es et perspectives, ce qui nous permet d&rsquo;optimiser notre strat\u00e9gie et nos efforts de campagne.<\/p>\n<\/div>\n<\/section>\n<a href=\"http:\/\/imagemotion.com\/fr\/campagnes-dinfluenceurs\/\" class=\"sr-button style-2 button-small\" target=\"_self\">VOIR LES \u00c9TUDES DE CAS<\/a>\n<\/div><\/div><\/div><div class=\"spacer spacer-big\"><\/div>\n","protected":false},"excerpt":{"rendered":"","protected":false},"author":8,"featured_media":3758,"parent":0,"menu_order":0,"comment_status":"closed","ping_status":"closed","template":"","meta":[],"_links":{"self":[{"href":"https:\/\/imagemotion.com\/fr\/wp-json\/wp\/v2\/pages\/3807\/"}],"collection":[{"href":"https:\/\/imagemotion.com\/fr\/wp-json\/wp\/v2\/pages\/"}],"about":[{"href":"https:\/\/imagemotion.com\/fr\/wp-json\/wp\/v2\/types\/page\/"}],"author":[{"embeddable":true,"href":"https:\/\/imagemotion.com\/fr\/wp-json\/wp\/v2\/users\/8\/"}],"replies":[{"embeddable":true,"href":"https:\/\/imagemotion.com\/fr\/wp-json\/wp\/v2\/comments\/?post=3807"}],"version-history":[{"count":3,"href":"https:\/\/imagemotion.com\/fr\/wp-json\/wp\/v2\/pages\/3807\/revisions\/"}],"predecessor-version":[{"id":3925,"href":"https:\/\/imagemotion.com\/fr\/wp-json\/wp\/v2\/pages\/3807\/revisions\/3925\/"}],"wp:featuredmedia":[{"embeddable":true,"href":"https:\/\/imagemotion.com\/fr\/wp-json\/wp\/v2\/media\/3758\/"}],"wp:attachment":[{"href":"https:\/\/imagemotion.com\/fr\/wp-json\/wp\/v2\/media\/?parent=3807"}],"curies":[{"name":"wp","href":"https:\/\/api.w.org\/{rel}","templated":true}]}}