{"id":3805,"date":"2018-04-19T22:11:46","date_gmt":"2018-04-20T02:11:46","guid":{"rendered":"http:\/\/imagemotion.com\/?page_id=3805"},"modified":"2024-01-07T17:18:16","modified_gmt":"2024-01-07T22:18:16","slug":"programme-de-creation-de-contenu","status":"publish","type":"page","link":"https:\/\/imagemotion.com\/fr\/programme-de-creation-de-contenu\/","title":{"rendered":"Programme de cr\u00e9ation de contenu"},"content":{"rendered":"<div class=\"spacer spacer-medium\"><\/div><div class=\"wrapper-small\"><div id=\"\" class=\"column-section clearfix spaced-normal \"><div  class=\"column one-third  \" >\n<h4 style=\"text-align: center;\"><i class=\"fa fa-camera-retro fa-3x\" style=\"color:#020181;\"><\/i><\/h4>\n<h4 style=\"text-align: center;\"><strong>LA PLUS HAUTE QUALIT\u00c9<\/strong><\/h4>\n<p style=\"text-align: center;\">Nous produisons des contenus photographiques exceptionnels pour certaines des plus grandes marques au niveau international et sommes fiers d&rsquo;exiger les standards les plus \u00e9lev\u00e9s dans tout ce que nous faisons, toujours ex\u00e9cut\u00e9s avec cr\u00e9ativit\u00e9 et attention.<\/p>\n<\/div><div  class=\"column one-third  \" >\n<h4 style=\"text-align: center;\"><i class=\"fa fa-usd fa-3x\" style=\"color:#020181;\"><\/i><\/h4>\n<h4 style=\"text-align: center;\"><strong>RENTABLE<\/strong><\/h4>\n<p style=\"text-align: center;\">Notre \u00e9quipe de cr\u00e9ation de contenu exp\u00e9riment\u00e9e sait quel contenu est le plus attrayant et comment le produire de la mani\u00e8re la plus rentable en utilisant notre \u00e9quipe interne et un vaste r\u00e9seau de partenaires pour vous faire \u00e9conomiser davantage.<\/p>\n<\/div><div  class=\"column one-third last-col \" >\n<h4 style=\"text-align: center;\"><i class=\"fa fa-hourglass-end fa-3x\" style=\"color:#020181;\"><\/i><\/h4>\n<h4 style=\"text-align: center;\"><strong>RAPIDE<\/strong><\/h4>\n<p style=\"text-align: center;\">Les d\u00e9lais d&rsquo;ex\u00e9cution rapides font r\u00e9guli\u00e8rement partie de nos activit\u00e9s, nous travaillons bien sous la pression. Assurez-vous que votre contenu est pr\u00eat lorsque vous en avez besoin sans perte de qualit\u00e9.<\/p>\n<\/div><\/div><\/div><div class=\"wrapper-big\"><div id=\"\" class=\"column-section clearfix spaced-normal \"><div  class=\"column one-full last-col \" ><div class=\"spacer spacer-medium\"><\/div>\n<h2 style=\"text-align: center;\">CAMPAGNES DE CR\u00c9ATION<\/h2>\n<div id=\"sc-gallery-grid1\" class=\"isotope-grid gallery-container style-column-list isotope-spaced  clearfix\"><div class=\"isotope-item sr-gallery-item no-anim\"><img src=\"https:\/\/imagemotion.com\/wp-content\/uploads\/2019\/07\/content1-1-1290x408.jpg\" width=\"1290\" height=\"408\" alt=\"content1\" \/><\/div><\/div><div class=\"spacer spacer-medium\"><\/div><\/div><\/div><\/div><div class=\"wrapper-small\"><div id=\"\" class=\"column-section clearfix spaced-normal \"><div  class=\"column one-full last-col \" >\n<p style=\"text-align: center;\">La cr\u00e9ation d&rsquo;une campagne de contenu de haute qualit\u00e9 et tr\u00e8s engageante fera la premi\u00e8re impression que vos clients potentiels auront de votre marque en dernier. Nous offrons un service complet de production de 360 comprenant le talent de localisation, de moulage et de r\u00e9servation, l&rsquo;\u00e9quipe cr\u00e9atrice a\u00een\u00e9e comprenant le directeur artistique, le photographe, les cheveux, le maquillage et le style, le travail de post-production de cat\u00e9gorie de publicit\u00e9.<\/p>\n<p style=\"text-align: center;\"><a href=\"mailto:info@imagemotion.com\" class=\"sr-button style-2 button-small\" target=\"_blank\">R\u00c9SERVER MAINTENANT<\/a><\/p>\n<div class=\"spacer spacer-big\"><\/div><\/div><\/div><\/div><div class=\"wrapper-big\"><div id=\"\" class=\"column-section clearfix spaced-normal \"><div  class=\"column one-full last-col \" >\n<h2 style=\"text-align: center;\">FLATLAYS<\/h2>\n<div id=\"sc-gallery-grid2\" class=\"isotope-grid gallery-container style-column-list isotope-spaced  clearfix\"><div class=\"isotope-item sr-gallery-item no-anim\"><img src=\"https:\/\/imagemotion.com\/wp-content\/uploads\/2019\/07\/flatlay-1290x408.jpg\" width=\"1290\" height=\"408\" alt=\"flatlay\" \/><\/div><\/div><div class=\"spacer spacer-medium\"><\/div><\/div><\/div><\/div><div class=\"wrapper-small\"><div id=\"\" class=\"column-section clearfix spaced-normal \"><div  class=\"column one-full last-col \" >\n<p style=\"text-align: center;\">Des &lsquo;moodboards&rsquo; et des grilles d&rsquo;inspiration, pour d\u00e9finir le design et le style de la mode. Notre \u00e9quipe de cr\u00e9ation de contenu mettra en place quelques-uns des plans les plus cool pour pr\u00e9senter votre collection \u00e0 son meilleur.<\/p>\n<p style=\"text-align: center;\"><a href=\"mailto:info@imagemotion.com\" class=\"sr-button style-2 button-small\" target=\"_blank\">R\u00c9SERVER MAINTENANT<\/a><\/p>\n<div class=\"spacer spacer-big\"><\/div><\/div><\/div><\/div><div class=\"wrapper-big\"><div id=\"\" class=\"column-section clearfix spaced-normal \"><div  class=\"column one-full last-col \" >\n<div class=\"section-heading\">\n<h2 style=\"text-align: center;\">PHOTOGRAPHIE DE PRODUIT<\/h2>\n<\/div>\n<div id=\"sc-gallery-grid3\" class=\"isotope-grid gallery-container style-column-4 isotope-spaced  clearfix\"><div class=\"isotope-item sr-gallery-item no-anim\"><img src=\"https:\/\/imagemotion.com\/wp-content\/uploads\/2019\/07\/IMG_2561-1-420x420.jpg\" width=\"420\" height=\"420\" alt=\"IMG_2561\" \/><\/div><div class=\"isotope-item sr-gallery-item no-anim\"><img src=\"https:\/\/imagemotion.com\/wp-content\/uploads\/2019\/07\/IMG_7372-copy-420x420.jpg\" width=\"420\" height=\"420\" alt=\"IMG_7372 copy\" \/><\/div><div class=\"isotope-item sr-gallery-item no-anim\"><img src=\"https:\/\/imagemotion.com\/wp-content\/uploads\/2019\/04\/lancome2.gif\" width=\"800\" height=\"800\" alt=\"lancome2\" \/><\/div><div class=\"isotope-item sr-gallery-item no-anim\"><img src=\"https:\/\/imagemotion.com\/wp-content\/uploads\/2019\/07\/KIEHLS-HOLIDAY2375-420x420.jpg\" width=\"420\" height=\"420\" alt=\"KIEHLS &#8211; HOLIDAY2375\" \/><\/div><\/div><div class=\"spacer spacer-medium\"><\/div><\/div><\/div><\/div><div class=\"wrapper-small\"><div id=\"\" class=\"column-section clearfix spaced-normal \"><div  class=\"column one-full last-col \" >\n<div class=\"section-heading\" style=\"text-align: center;\">\n<p>L&rsquo;exp\u00e9rience dans la production de contenu avec des centaines de produits nous a appris l&rsquo;importance d&rsquo;une composition forte et bien photographi\u00e9e.<\/p>\n<a href=\"mailto:info@imagemotion.com\" class=\"sr-button style-2 button-small\" target=\"_blank\">R\u00c9SERVER MAINTENANT<\/a>\n<\/div>\n<div class=\"spacer spacer-big\"><\/div><\/div><\/div><\/div><div class=\"wrapper-big\"><div id=\"\" class=\"column-section clearfix spaced-normal \"><div  class=\"column one-full last-col \" >\n<h2 style=\"text-align: center;\">INFOLETTRES<\/h2>\n<div id=\"sc-gallery-grid4\" class=\"isotope-grid gallery-container style-column-list isotope-spaced  clearfix\"><div class=\"isotope-item sr-gallery-item do-anim\"><img src=\"https:\/\/imagemotion.com\/wp-content\/uploads\/2019\/07\/newsletters.jpg\" width=\"1754\" height=\"642\" alt=\"newsletters\" \/><\/div><\/div><div class=\"spacer spacer-medium\"><\/div><\/div><\/div><\/div><div class=\"wrapper-small\"><div id=\"\" class=\"column-section clearfix spaced-normal \"><div  class=\"column one-full last-col \" >\n<p style=\"text-align: center;\">Le contenu d&rsquo;infolettre est l&rsquo;un des canaux de marketing les plus efficaces et les moins co\u00fbteux pour la plupart des d\u00e9taillants en ligne afin de g\u00e9n\u00e9rer des ventes suppl\u00e9mentaires et de r\u00e9colter plus de clients potentiels. Notre \u00e9quipe de direction artistique et de contenu poss\u00e8de une vaste exp\u00e9rience dans la production de mises en page de bulletins de nouvelles performantes avec un contenu attrayant pour nourrir votre public actif.<\/p>\n<p style=\"text-align: center;\"><a href=\"mailto:info@imagemotion.com\" class=\"sr-button style-2 button-small\" target=\"_blank\">R\u00c9SERVER MAINTENANT<\/a><\/p>\n<div class=\"spacer spacer-big\"><\/div><\/div><\/div><\/div><div class=\"wrapper-big\"><div id=\"\" class=\"column-section clearfix spaced-normal \"><div  class=\"column one-full last-col \" >\n<h2 style=\"text-align: center;\">INFLUENCEUR UGC<\/h2>\n<div id=\"sc-gallery-grid5\" class=\"isotope-grid gallery-container style-column-4 isotope-spaced  clearfix\"><div class=\"isotope-item sr-gallery-item no-anim\"><img src=\"https:\/\/imagemotion.com\/wp-content\/uploads\/2019\/05\/DSC06706-420x630.jpg\" width=\"420\" height=\"630\" alt=\"DSC06706\" \/><\/div><div class=\"isotope-item sr-gallery-item no-anim\"><img src=\"https:\/\/imagemotion.com\/wp-content\/uploads\/2019\/07\/ugc-420x630.jpg\" width=\"420\" height=\"630\" alt=\"ugc\" \/><\/div><div class=\"isotope-item sr-gallery-item no-anim\"><img src=\"https:\/\/imagemotion.com\/wp-content\/uploads\/2018\/07\/@victoriabadaserra1-420x630.jpeg\" width=\"420\" height=\"630\" alt=\"@victoriabadaserra1\" \/><\/div><div class=\"isotope-item sr-gallery-item no-anim\"><img src=\"https:\/\/imagemotion.com\/wp-content\/uploads\/2018\/07\/@anacruz-420x628.jpeg\" width=\"420\" height=\"628\" alt=\"@anacruz\" \/><\/div><\/div><div class=\"spacer spacer-medium\"><\/div><\/div><\/div><\/div><div class=\"wrapper-small\"><div id=\"\" class=\"column-section clearfix spaced-normal \"><div  class=\"column one-full last-col \" >\n<p style=\"text-align: center;\">Besoin de produire +100 contenu visuel unique compl\u00e8tement diff\u00e9rent, avec des configurations compl\u00e8tement diff\u00e9rentes, esth\u00e9tique et vibe? Votre option la plus rentable sera le contenu g\u00e9n\u00e9r\u00e9 par les utilisateurs par les micro influenceurs avec les conseils de notre \u00e9quipe de contenu interne. En savoir plus sur la fa\u00e7on dont nous ex\u00e9cutons des collaborations d&rsquo;influenceurs.<\/p>\n<p style=\"text-align: center;\"><a href=\"mailto:info@imagemotion.com\" class=\"sr-button style-2 button-small\" target=\"_blank\">R\u00c9SERVER MAINTENANT<\/a><\/p>\n<div class=\"spacer spacer-medium\"><\/div><\/div><\/div><\/div><div class=\"spacer spacer-medium\"><\/div><div class=\"wrapper\"><div id=\"\" class=\"column-section clearfix spaced-normal \"><div  class=\"column one-full last-col \" >\n<h2 style=\"text-align: center;\">CONTENU VID\u00c9O<\/h2>\n<div class=\"spacer spacer-medium\"><\/div><\/div><\/div><\/div><div class=\"wrapper\"><div id=\"\" class=\"column-section clearfix spaced-normal \"><div  class=\"column one-full last-col \" >\n<p style=\"text-align: center;\"><iframe src=\"https:\/\/player.vimeo.com\/video\/313902069\" width=\"640\" height=\"350\" frameborder=\"0\" allowfullscreen=\"allowfullscreen\" data-mce-fragment=\"1\"><\/iframe><\/p>\n<\/div><\/div><\/div><div class=\"wrapper-small\"><div id=\"\" class=\"column-section clearfix spaced-normal \"><div  class=\"column one-full last-col \" ><div class=\"spacer spacer-medium\"><\/div>\n<p style=\"text-align: center;\">Besoin d&rsquo;un contenu vid\u00e9o cool pour la page de destination de votre boutique en ligne? Ou peut-\u00eatre souhaitez-vous tester une campagne YouTube, mais tout ce que vous avez est un contenu statique? Nous sommes l\u00e0 pour vous aider \u00e0 produire le contenu vid\u00e9o interactif de la plus haute qualit\u00e9 avec les budgets les plus bas possibles pour toutes vos cha\u00eenes num\u00e9riques.<\/p>\n<p style=\"text-align: center;\"><a href=\"mailto:info@imagemotion.com\" class=\"sr-button style-2 button-small\" target=\"_blank\">R\u00c9SERVER MAINTENANT<\/a><\/p>\n<\/div><\/div><\/div><div class=\"wrapper-small\"><div id=\"\" class=\"column-section clearfix spaced-normal \"><div  class=\"column one-full last-col \" ><div class=\"spacer spacer-big\"><\/div><\/div><\/div><\/div><div class=\"wrapper-small\"><div id=\"\" class=\"column-section clearfix spaced-normal \"><div  class=\"column one-half  \" >\n<h2 id=\"introductionMessage\" class=\"embedContactForm__title\">S&rsquo;il vous pla\u00eet remplir le formulaire et nous vous contacterons sous peu.<\/h2>\n<h4 class=\"embedContactForm__title\"><a href=\"mailto:info@imagemotion.com\">info@imagemotion.com<\/a><\/h4>\n<h4 class=\"embedContactForm__title\"><strong>Montreal | Toronto |\u00a0New York<\/strong><\/h4>\n<\/div><div  class=\"column one-half last-col \" >\n<p id=\"introductionMessage\" class=\"embedContactForm__title\"><div class=\"frm_forms \" id=\"frm_form_38_container\" data-token=\"5c84690f6ad758bc25b693a42e64222c\">\n<form enctype=\"multipart\/form-data\" method=\"post\" class=\"frm-show-form  frm_pro_form \" id=\"form_contact0e555a6b7b2\" data-token=\"5c84690f6ad758bc25b693a42e64222c\">\n<div class=\"frm_form_fields \">\n<fieldset>\n<legend class=\"frm_screen_reader\">CONTACT LEAD FORM<\/legend>\r\n\r\n<div class=\"frm_fields_container\">\n<input type=\"hidden\" name=\"frm_action\" value=\"create\" \/>\n<input type=\"hidden\" name=\"form_id\" value=\"38\" \/>\n<input type=\"hidden\" name=\"frm_hide_fields_38\" id=\"frm_hide_fields_38\" value=\"\" \/>\n<input type=\"hidden\" name=\"form_key\" value=\"contact0e555a6b7b2\" \/>\n<input type=\"hidden\" name=\"item_meta[0]\" value=\"\" \/>\n<input type=\"hidden\" id=\"frm_submit_entry_38\" name=\"frm_submit_entry_38\" value=\"98f249c296\" \/><input type=\"hidden\" name=\"_wp_http_referer\" value=\"\/fr\/wp-json\/wp\/v2\/pages\/3805\" \/><div id=\"frm_field_345_container\" class=\"frm_form_field form-field  frm_required_field frm_top_container frm_full\">\r\n    <label for=\"field_qh4icy299f222a63928d6e487bb2\" id=\"field_qh4icy299f222a63928d6e487bb2_label\" class=\"frm_primary_label\">Name\r\n        <span class=\"frm_required\">*<\/span>\r\n    <\/label>\r\n    <input  type=\"text\" id=\"field_qh4icy299f222a63928d6e487bb2\" name=\"item_meta[345]\" value=\"\"  data-reqmsg=\"Name cannot be blank.\" aria-required=\"true\" data-invmsg=\"Name is invalid\" aria-invalid=\"false\"   \/>\r\n    \r\n    \r\n<\/div>\n<div id=\"frm_field_346_container\" class=\"frm_form_field form-field  frm_required_field frm_top_container frm_full\">\r\n    <label for=\"field_29yf4d2c3752a232c8546435d8d2\" id=\"field_29yf4d2c3752a232c8546435d8d2_label\" class=\"frm_primary_label\">Email\r\n        <span class=\"frm_required\">*<\/span>\r\n    <\/label>\r\n    <input type=\"email\" id=\"field_29yf4d2c3752a232c8546435d8d2\" name=\"item_meta[346]\" value=\"\"  data-reqmsg=\"Email cannot be blank.\" aria-required=\"true\" data-invmsg=\"Please enter a valid email address\" aria-invalid=\"false\"  \/>\r\n    \r\n    \r\n<\/div>\n<div id=\"frm_field_348_container\" class=\"frm_form_field form-field  frm_required_field frm_top_container frm_full\">\r\n    <label for=\"field_ocfup12ce586effede9487956f32\" id=\"field_ocfup12ce586effede9487956f32_label\" class=\"frm_primary_label\">Company \/ Brand Name\r\n        <span class=\"frm_required\">*<\/span>\r\n    <\/label>\r\n    <input  type=\"text\" id=\"field_ocfup12ce586effede9487956f32\" name=\"item_meta[348]\" value=\"\"  data-reqmsg=\"Company \/ Brand Name cannot be blank.\" aria-required=\"true\" data-invmsg=\"Last is invalid\" aria-invalid=\"false\"   \/>\r\n    \r\n    \r\n<\/div>\n<div id=\"frm_field_349_container\" class=\"frm_form_field form-field  frm_required_field frm_top_container frm12 frm_first\">\r\n    <label for=\"field_rcs8\" id=\"field_rcs8_label\" class=\"frm_primary_label\">Which services are you interested in?\r\n        <span class=\"frm_required\" aria-hidden=\"true\">*<\/span>\r\n    <\/label>\r\n    \t\t<select name=\"item_meta[349]\" id=\"field_rcs8\"  data-reqmsg=\"Which services are you interested in? cannot be blank.\" aria-required=\"true\" data-invmsg=\"Which services are you interested in? est non valide\" aria-invalid=\"false\"  >\n\t\t<option  value=\"Social Media Management\">Social Media Management<\/option><option  value=\"Paid Ads &amp; Performance Campaigns\">Paid Ads &amp; Performance Campaigns<\/option><option  value=\"Email &amp; SMS Marketing\">Email &amp; SMS Marketing<\/option><option  value=\"Shopify E-Commerce\">Shopify E-Commerce<\/option><option  value=\"Content Production\">Content Production<\/option><option  value=\"360 Growth Marketing\">360 Growth Marketing<\/option>\t<\/select>\n\t\r\n    \r\n    \r\n<\/div>\n<div id=\"frm_field_357_container\" class=\"frm_form_field form-field  frm_top_container frm12 frm_first\">\r\n    <label for=\"field_7rf8v\" id=\"field_7rf8v_label\" class=\"frm_primary_label\">Give us a brief detail about your project:\r\n        <span class=\"frm_required\" aria-hidden=\"true\"><\/span>\r\n    <\/label>\r\n    <textarea name=\"item_meta[357]\" id=\"field_7rf8v\" rows=\"5\"  data-invmsg=\"Paragraph is invalid\" aria-invalid=\"false\"  ><\/textarea>\r\n    \r\n    \r\n<\/div>\n<div id=\"frm_field_354_container\" class=\"frm_form_field form-field  frm_none_container frm12 frm_first\">\r\n    <label for=\"g-recaptcha-response\" id=\"field_sa7gt2_label\" class=\"frm_primary_label\">Captcha\r\n        <span class=\"frm_required\" aria-hidden=\"true\"><\/span>\r\n    <\/label>\r\n    <div  id=\"field_sa7gt2\" class=\"g-recaptcha\" data-sitekey=\"6LfCHNoZAAAAADiu45Lnf9ME1eJRoHO0Y0G1CS1e\" data-size=\"invisible\" data-theme=\"light\" data-callback=\"frmAfterRecaptcha\"><\/div>\r\n    \r\n    \r\n<\/div>\n<div id=\"frm_field_378_container\" class=\"frm_form_field form-field \">\r\n\t<div class=\"frm_submit\">\r\n\r\n<button class=\"frm_button_submit frm_final_submit\" type=\"submit\"   formnovalidate=\"formnovalidate\">SUBMIT<\/button>\r\n\r\n<\/div>\r\n<\/div>\n\t<input type=\"hidden\" name=\"item_key\" value=\"\" \/>\n\t\t\t\t<div class=\"frm__6543e55b14e5d\">\n\t\t\t\t<label for=\"frm_email_38\" >\n\t\t\t\t\tSi vous \u00eates un humain, ne remplissez pas ce champ.\t\t\t\t<\/label>\n\t\t\t\t<input  id=\"frm_email_38\" type=\"text\" class=\"frm_verify\" name=\"frm__6543e55b14e5d\" value=\"\" autocomplete=\"off\"  \/>\n\t\t\t<\/div>\n\t\t<input name=\"frm_state\" type=\"hidden\" value=\"m2Oj3cl+Fm\/Roi0uLDv4QwLxrnlwUD9VRJVbpQJ7J4E=\" \/><\/div>\n<\/fieldset>\n<\/div>\n\n<\/form>\n<\/div>\n<\/p>\n<\/div><\/div><\/div><div class=\"spacer spacer-big\"><\/div>\n","protected":false},"excerpt":{"rendered":"","protected":false},"author":8,"featured_media":9878,"parent":0,"menu_order":0,"comment_status":"closed","ping_status":"closed","template":"","meta":[],"_links":{"self":[{"href":"https:\/\/imagemotion.com\/fr\/wp-json\/wp\/v2\/pages\/3805\/"}],"collection":[{"href":"https:\/\/imagemotion.com\/fr\/wp-json\/wp\/v2\/pages\/"}],"about":[{"href":"https:\/\/imagemotion.com\/fr\/wp-json\/wp\/v2\/types\/page\/"}],"author":[{"embeddable":true,"href":"https:\/\/imagemotion.com\/fr\/wp-json\/wp\/v2\/users\/8\/"}],"replies":[{"embeddable":true,"href":"https:\/\/imagemotion.com\/fr\/wp-json\/wp\/v2\/comments\/?post=3805"}],"version-history":[{"count":3,"href":"https:\/\/imagemotion.com\/fr\/wp-json\/wp\/v2\/pages\/3805\/revisions\/"}],"predecessor-version":[{"id":22052,"href":"https:\/\/imagemotion.com\/fr\/wp-json\/wp\/v2\/pages\/3805\/revisions\/22052\/"}],"wp:featuredmedia":[{"embeddable":true,"href":"https:\/\/imagemotion.com\/fr\/wp-json\/wp\/v2\/media\/9878\/"}],"wp:attachment":[{"href":"https:\/\/imagemotion.com\/fr\/wp-json\/wp\/v2\/media\/?parent=3805"}],"curies":[{"name":"wp","href":"https:\/\/api.w.org\/{rel}","templated":true}]}}