{"id":23937,"date":"2026-02-13T10:06:05","date_gmt":"2026-02-13T15:06:05","guid":{"rendered":"https:\/\/imagemotion.com\/contact-submission-confirmation\/"},"modified":"2026-02-13T10:06:05","modified_gmt":"2026-02-13T15:06:05","slug":"contact-submission-confirmation","status":"publish","type":"page","link":"https:\/\/imagemotion.com\/fr\/contact-submission-confirmation\/","title":{"rendered":"FORM SUBMISSION &#8211; GOOGLE"},"content":{"rendered":"<h2 style=\"text-align: center;\">Thanks for your interest in working with our team. We&rsquo;ll be in touch shortly.<\/h2>\n<p>&nbsp;<\/p>\n<h2 style=\"text-align: center;\">Merci de votre int\u00e9r\u00eat \u00e0 travailler avec notre \u00e9quipe. Nous vous contacterons sous peu.<\/h2>\n","protected":false},"excerpt":{"rendered":"<p>Thanks for your interest in working with our team. We&rsquo;ll be in touch shortly. &nbsp; Merci de votre int\u00e9r\u00eat \u00e0 travailler avec notre \u00e9quipe. Nous vous contacterons sous peu.<\/p>\n","protected":false},"author":1,"featured_media":0,"parent":0,"menu_order":0,"comment_status":"closed","ping_status":"closed","template":"","meta":[],"_links":{"self":[{"href":"https:\/\/imagemotion.com\/fr\/wp-json\/wp\/v2\/pages\/23937\/"}],"collection":[{"href":"https:\/\/imagemotion.com\/fr\/wp-json\/wp\/v2\/pages\/"}],"about":[{"href":"https:\/\/imagemotion.com\/fr\/wp-json\/wp\/v2\/types\/page\/"}],"author":[{"embeddable":true,"href":"https:\/\/imagemotion.com\/fr\/wp-json\/wp\/v2\/users\/1\/"}],"replies":[{"embeddable":true,"href":"https:\/\/imagemotion.com\/fr\/wp-json\/wp\/v2\/comments\/?post=23937"}],"version-history":[{"count":0,"href":"https:\/\/imagemotion.com\/fr\/wp-json\/wp\/v2\/pages\/23937\/revisions\/"}],"wp:attachment":[{"href":"https:\/\/imagemotion.com\/fr\/wp-json\/wp\/v2\/media\/?parent=23937"}],"curies":[{"name":"wp","href":"https:\/\/api.w.org\/{rel}","templated":true}]}}