{"id":11733,"date":"2020-02-17T23:11:36","date_gmt":"2020-02-18T04:11:36","guid":{"rendered":"https:\/\/imagemotion.com\/tiktok-marketing-campaign\/"},"modified":"2024-01-07T17:19:06","modified_gmt":"2024-01-07T22:19:06","slug":"tiktok-marketing-campaign","status":"publish","type":"page","link":"https:\/\/imagemotion.com\/fr\/tiktok-marketing-campaign\/","title":{"rendered":"Campagnes TikTok"},"content":{"rendered":"<div class=\"no-wrapper\"><div id=\"\" class=\"column-section clearfix spaced-normal \"><div  class=\"column one-full last-col \" ><div id=\"sc-gallery-grid1\" class=\"isotope-grid gallery-container style-column-list isotope-not-spaced  clearfix\"><div class=\"isotope-item sr-gallery-item do-anim\"><img class=\"lazy\" data-src=\"https:\/\/imagemotion.com\/wp-content\/uploads\/2020\/04\/TIKTOKPAGE-FR_01.jpg\" width=\"2048\" height=\"1176\" alt=\"TIKTOKPAGE-FR_01\" \/><\/div><div class=\"isotope-item sr-gallery-item do-anim\"><img class=\"lazy\" data-src=\"https:\/\/imagemotion.com\/wp-content\/uploads\/2020\/04\/TIKTOKPAGE-FR_02.jpg\" width=\"2048\" height=\"712\" alt=\"TIKTOKPAGE-FR_02\" \/><\/div><div class=\"isotope-item sr-gallery-item do-anim\"><img class=\"lazy\" data-src=\"https:\/\/imagemotion.com\/wp-content\/uploads\/2020\/04\/TIKTOKPAGE-FR_03.jpg\" width=\"2048\" height=\"804\" alt=\"TIKTOKPAGE-FR_03\" \/><\/div><div class=\"isotope-item sr-gallery-item do-anim\"><img class=\"lazy\" data-src=\"https:\/\/imagemotion.com\/wp-content\/uploads\/2020\/04\/TIKTOKPAGE-FR_04.jpg\" width=\"2048\" height=\"975\" alt=\"TIKTOKPAGE-FR_04\" \/><\/div><\/div><\/div><\/div><\/div><div class=\"spacer spacer-big\"><\/div><div class=\"wrapper-small\"><div id=\"\" class=\"column-section clearfix spaced-normal \"><div  class=\"column one-half  \" >\n<h2 id=\"introductionMessage\" class=\"embedContactForm__title\">Pour en apprendre plus sur le programme<\/h2>\n<div dir=\"ltr\">\n<div>Remplissez le formulaire ou envoyez-nous simplement un courriel via:<\/div>\n<\/div>\n<h4 class=\"embedContactForm__title\"><a href=\"mailto:tiktok@imagemotion.com\">tiktok@imagemotion.com<\/a><\/h4>\n<\/div><div  class=\"column one-half last-col \" >\n<div class=\"frm_forms \" id=\"frm_form_38_container\" data-token=\"398473bb130ef954fe22e8d3c006bbe2\">\n<form enctype=\"multipart\/form-data\" method=\"post\" class=\"frm-show-form  frm_pro_form \" id=\"form_contact0e555a6b7b2\" data-token=\"398473bb130ef954fe22e8d3c006bbe2\">\n<div class=\"frm_form_fields \">\n<fieldset>\n<legend class=\"frm_screen_reader\">CONTACT LEAD FORM<\/legend>\r\n\r\n<div class=\"frm_fields_container\">\n<input type=\"hidden\" name=\"frm_action\" value=\"create\" \/>\n<input type=\"hidden\" name=\"form_id\" value=\"38\" \/>\n<input type=\"hidden\" name=\"frm_hide_fields_38\" id=\"frm_hide_fields_38\" value=\"\" \/>\n<input type=\"hidden\" name=\"form_key\" value=\"contact0e555a6b7b2\" \/>\n<input type=\"hidden\" name=\"item_meta[0]\" value=\"\" \/>\n<input type=\"hidden\" id=\"frm_submit_entry_38\" name=\"frm_submit_entry_38\" value=\"8de39d21eb\" \/><input type=\"hidden\" name=\"_wp_http_referer\" value=\"\/fr\/wp-json\/wp\/v2\/pages\/11733\/\" \/><div id=\"frm_field_345_container\" class=\"frm_form_field form-field  frm_required_field frm_top_container frm_full\">\r\n    <label for=\"field_qh4icy299f222a63928d6e487bb2\" id=\"field_qh4icy299f222a63928d6e487bb2_label\" class=\"frm_primary_label\">Name\r\n        <span class=\"frm_required\">*<\/span>\r\n    <\/label>\r\n    <input  type=\"text\" id=\"field_qh4icy299f222a63928d6e487bb2\" name=\"item_meta[345]\" value=\"\"  data-reqmsg=\"Name cannot be blank.\" aria-required=\"true\" data-invmsg=\"Name is invalid\" aria-invalid=\"false\"   \/>\r\n    \r\n    \r\n<\/div>\n<div id=\"frm_field_346_container\" class=\"frm_form_field form-field  frm_required_field frm_top_container frm_full\">\r\n    <label for=\"field_29yf4d2c3752a232c8546435d8d2\" id=\"field_29yf4d2c3752a232c8546435d8d2_label\" class=\"frm_primary_label\">Email\r\n        <span class=\"frm_required\">*<\/span>\r\n    <\/label>\r\n    <input type=\"email\" id=\"field_29yf4d2c3752a232c8546435d8d2\" name=\"item_meta[346]\" value=\"\"  data-reqmsg=\"Email cannot be blank.\" aria-required=\"true\" data-invmsg=\"Please enter a valid email address\" aria-invalid=\"false\"  \/>\r\n    \r\n    \r\n<\/div>\n<div id=\"frm_field_348_container\" class=\"frm_form_field form-field  frm_required_field frm_top_container frm_full\">\r\n    <label for=\"field_ocfup12ce586effede9487956f32\" id=\"field_ocfup12ce586effede9487956f32_label\" class=\"frm_primary_label\">Company \/ Brand Name\r\n        <span class=\"frm_required\">*<\/span>\r\n    <\/label>\r\n    <input  type=\"text\" id=\"field_ocfup12ce586effede9487956f32\" name=\"item_meta[348]\" value=\"\"  data-reqmsg=\"Company \/ Brand Name cannot be blank.\" aria-required=\"true\" data-invmsg=\"Last is invalid\" aria-invalid=\"false\"   \/>\r\n    \r\n    \r\n<\/div>\n<div id=\"frm_field_349_container\" class=\"frm_form_field form-field  frm_required_field frm_top_container frm12 frm_first\">\r\n    <label for=\"field_rcs8\" id=\"field_rcs8_label\" class=\"frm_primary_label\">Which services are you interested in?\r\n        <span class=\"frm_required\" aria-hidden=\"true\">*<\/span>\r\n    <\/label>\r\n    \t\t<select name=\"item_meta[349]\" id=\"field_rcs8\"  data-reqmsg=\"Which services are you interested in? cannot be blank.\" aria-required=\"true\" data-invmsg=\"Which services are you interested in? est non valide\" aria-invalid=\"false\"  >\n\t\t<option  value=\"Social Media Management\">Social Media Management<\/option><option  value=\"Paid Ads &amp; Performance Campaigns\">Paid Ads &amp; Performance Campaigns<\/option><option  value=\"Email &amp; SMS Marketing\">Email &amp; SMS Marketing<\/option><option  value=\"Shopify E-Commerce\">Shopify E-Commerce<\/option><option  value=\"Content Production\">Content Production<\/option><option  value=\"360 Growth Marketing\">360 Growth Marketing<\/option>\t<\/select>\n\t\r\n    \r\n    \r\n<\/div>\n<div id=\"frm_field_357_container\" class=\"frm_form_field form-field  frm_top_container frm12 frm_first\">\r\n    <label for=\"field_7rf8v\" id=\"field_7rf8v_label\" class=\"frm_primary_label\">Give us a brief detail about your project:\r\n        <span class=\"frm_required\" aria-hidden=\"true\"><\/span>\r\n    <\/label>\r\n    <textarea name=\"item_meta[357]\" id=\"field_7rf8v\" rows=\"5\"  data-invmsg=\"Paragraph is invalid\" aria-invalid=\"false\"  ><\/textarea>\r\n    \r\n    \r\n<\/div>\n<div id=\"frm_field_354_container\" class=\"frm_form_field form-field  frm_none_container frm12 frm_first\">\r\n    <label for=\"g-recaptcha-response\" id=\"field_sa7gt2_label\" class=\"frm_primary_label\">Captcha\r\n        <span class=\"frm_required\" aria-hidden=\"true\"><\/span>\r\n    <\/label>\r\n    <div  id=\"field_sa7gt2\" class=\"g-recaptcha\" data-sitekey=\"6LfCHNoZAAAAADiu45Lnf9ME1eJRoHO0Y0G1CS1e\" data-size=\"invisible\" data-theme=\"light\" data-callback=\"frmAfterRecaptcha\"><\/div>\r\n    \r\n    \r\n<\/div>\n<div id=\"frm_field_378_container\" class=\"frm_form_field form-field \">\r\n\t<div class=\"frm_submit\">\r\n\r\n<button class=\"frm_button_submit frm_final_submit\" type=\"submit\"   formnovalidate=\"formnovalidate\">SUBMIT<\/button>\r\n\r\n<\/div>\r\n<\/div>\n\t<input type=\"hidden\" name=\"item_key\" value=\"\" \/>\n\t\t\t\t<div class=\"frm__6543e55b14e5d\">\n\t\t\t\t<label for=\"frm_email_38\" >\n\t\t\t\t\tSi vous \u00eates un humain, ne remplissez pas ce champ.\t\t\t\t<\/label>\n\t\t\t\t<input  id=\"frm_email_38\" type=\"text\" class=\"frm_verify\" name=\"frm__6543e55b14e5d\" value=\"\" autocomplete=\"off\"  \/>\n\t\t\t<\/div>\n\t\t<input name=\"frm_state\" type=\"hidden\" value=\"m2Oj3cl+Fm\/Roi0uLDv4Q\/SST6qvNriJibCcHGvYZQghcmVTkg+oHAZFkCJwfIiU\" \/><\/div>\n<\/fieldset>\n<\/div>\n\n<\/form>\n<\/div>\n\n<\/div><\/div><\/div><div class=\"no-wrapper\"><div id=\"\" class=\"column-section clearfix spaced-normal \"><div  class=\"column one-full last-col \" >\n<p><span style=\"color: #ffffff;\">Z\u00e9ro \u00e0 un million tr\u00e8s rapidement!<\/span><br \/>\n<span style=\"color: #ffffff;\">Introduction \u00e0 un tout nouveau programme pour aider les marques \u00e0 gagner le c\u0153ur des g\u00e9n\u00e9rations Z &amp; Y.<\/span><br \/>\n<span style=\"color: #ffffff;\">Gen Z: Ce public a grandi avec les m\u00e9dias sociaux comme \u00e9tant leur principale source de consommation de contenu et interagi tr\u00e8s diff\u00e9remment avec les produits et le contenu de marque.<\/span><br \/>\n<span style=\"color: #ffffff;\">Gen Y: Cette audience est compl\u00e8tement immerg\u00e9e par les m\u00e9dias sociaux de fa\u00e7on quotidienne et les 25-40 ans explorent de nouvelles fa\u00e7ons de consommer du contenu interactif et accessible par l&rsquo;entremise d&rsquo;autres nouveaux m\u00e9dias.<\/span><br \/>\n<span style=\"color: #ffffff;\">Notre campagne marketing TikTok<\/span><br \/>\n<span style=\"color: #ffffff;\">Organique: Compte TikTok pour la marque, cr\u00e9ation de contenu personnalis\u00e9 au r\u00e9seau social, d\u00e9fi hashtag organique<\/span><br \/>\n<span style=\"color: #ffffff;\">Campagne publicitaire: D\u00e9fi hashtag commandit\u00e9, annonces int\u00e9gr\u00e9es, annonces topview<\/span><br \/>\n<span style=\"color: #ffffff;\">Influenceur: Collaboration avec les TikTokers, activation d&rsquo;\u00e9v\u00e8nements avec les TikTokers, d\u00e9fi hashtag commandit\u00e9<\/span><\/p>\n<p><span style=\"color: #ffffff;\">Le pouvoir de TikTok<\/span><br \/>\n<span style=\"color: #ffffff;\">TikTok a maintenant plus de 1,5 billion d&rsquo;utilisateurs<\/span><br \/>\n<span style=\"color: #ffffff;\">5,2 million+ d&rsquo;utilisateurs actifs par mois au Canada &#8211; Plus de 1k Tiktokers avec 100K+ d&rsquo;abonn\u00e9s.<\/span><br \/>\n<span style=\"color: #ffffff;\">60 million+ d&rsquo;utilisateurs actifs par mois aux \u00c9tats-Unis &#8211; Plus de 10K Tiktokers avec 100K+ d&rsquo;abonn\u00e9s<\/span><br \/>\n<span style=\"color: #ffffff;\">39% sont compos\u00e9s de la g\u00e9n\u00e9ration Z et 42% des mill\u00e9niaux<\/span><br \/>\n<span style=\"color: #ffffff;\">Moyenne de 52 minutes pass\u00e9es quotidiennement sur la plateforme par utilisateurs<\/span><br \/>\n<span style=\"color: #ffffff;\">Le taux d&rsquo;engagement est de 29%<\/span><br \/>\n<span style=\"color: #ffffff;\">Seulement 4% des sp\u00e9cialistes du marketing des m\u00e9dias sociaux aux \u00c9tats-Unis utilisent la plateforme<\/span><br \/>\n<span style=\"color: #ffffff;\">Les campagnes publicitaires sont disponibles pour les audiences du Canada et des \u00c9tats-Unis<\/span><br \/>\n<span style=\"color: #ffffff;\">TikTok a cr\u00e9\u00e9 une fonction de commerce \u00e9lectronique dans l&rsquo;application pour les d\u00e9fis commandit\u00e9s<\/span><\/p>\n<\/div><\/div><\/div>\n","protected":false},"excerpt":{"rendered":"","protected":false},"author":1,"featured_media":11677,"parent":0,"menu_order":0,"comment_status":"closed","ping_status":"closed","template":"","meta":[],"_links":{"self":[{"href":"https:\/\/imagemotion.com\/fr\/wp-json\/wp\/v2\/pages\/11733\/"}],"collection":[{"href":"https:\/\/imagemotion.com\/fr\/wp-json\/wp\/v2\/pages\/"}],"about":[{"href":"https:\/\/imagemotion.com\/fr\/wp-json\/wp\/v2\/types\/page\/"}],"author":[{"embeddable":true,"href":"https:\/\/imagemotion.com\/fr\/wp-json\/wp\/v2\/users\/1\/"}],"replies":[{"embeddable":true,"href":"https:\/\/imagemotion.com\/fr\/wp-json\/wp\/v2\/comments\/?post=11733"}],"version-history":[{"count":4,"href":"https:\/\/imagemotion.com\/fr\/wp-json\/wp\/v2\/pages\/11733\/revisions\/"}],"predecessor-version":[{"id":22056,"href":"https:\/\/imagemotion.com\/fr\/wp-json\/wp\/v2\/pages\/11733\/revisions\/22056\/"}],"wp:featuredmedia":[{"embeddable":true,"href":"https:\/\/imagemotion.com\/fr\/wp-json\/wp\/v2\/media\/11677\/"}],"wp:attachment":[{"href":"https:\/\/imagemotion.com\/fr\/wp-json\/wp\/v2\/media\/?parent=11733"}],"curies":[{"name":"wp","href":"https:\/\/api.w.org\/{rel}","templated":true}]}}